{"id":44,"date":"2018-03-21T22:34:41","date_gmt":"2018-03-21T22:34:41","guid":{"rendered":"http:\/\/xn--dckjourstockholm-vnb.se\/?page_id=44"},"modified":"2026-03-08T13:39:57","modified_gmt":"2026-03-08T13:39:57","slug":"om-oss","status":"publish","type":"page","link":"https:\/\/xn--dckjourstockholm-vnb.se\/?page_id=44","title":{"rendered":"Om oss"},"content":{"rendered":"\n<ul class=\"wp-block-list\">\n<li><strong>D\u00e4ckjour dygnet runt:<\/strong>\u00a0Vi l\u00f6ser dina akuta d\u00e4ckproblem p\u00e5 plats, oavsett tid p\u00e5 dygnet.<\/li>\n\n\n\n<li><strong>Professionell bilb\u00e4rgning:<\/strong>\u00a0Om olyckan \u00e4r framme b\u00e4rgar vi din bil tryggt och s\u00e4kert.<\/li>\n\n\n\n<li><strong>Service &amp; Reparation:<\/strong>\u00a0Vi tar hand om hela processen \u2013 fr\u00e5n b\u00e4rgning till f\u00e4rdigreparerad bil, s\u00e5 att du snabbt \u00e4r ute p\u00e5 v\u00e4gen igen.<\/li>\n<\/ul>\n","protected":false},"excerpt":{"rendered":"","protected":false},"author":1,"featured_media":0,"parent":0,"menu_order":0,"comment_status":"closed","ping_status":"closed","template":"","meta":{"footnotes":""},"class_list":["post-44","page","type-page","status-publish","hentry"],"_links":{"self":[{"href":"https:\/\/xn--dckjourstockholm-vnb.se\/index.php?rest_route=\/wp\/v2\/pages\/44","targetHints":{"allow":["GET"]}}],"collection":[{"href":"https:\/\/xn--dckjourstockholm-vnb.se\/index.php?rest_route=\/wp\/v2\/pages"}],"about":[{"href":"https:\/\/xn--dckjourstockholm-vnb.se\/index.php?rest_route=\/wp\/v2\/types\/page"}],"author":[{"embeddable":true,"href":"https:\/\/xn--dckjourstockholm-vnb.se\/index.php?rest_route=\/wp\/v2\/users\/1"}],"replies":[{"embeddable":true,"href":"https:\/\/xn--dckjourstockholm-vnb.se\/index.php?rest_route=%2Fwp%2Fv2%2Fcomments&post=44"}],"version-history":[{"count":4,"href":"https:\/\/xn--dckjourstockholm-vnb.se\/index.php?rest_route=\/wp\/v2\/pages\/44\/revisions"}],"predecessor-version":[{"id":162,"href":"https:\/\/xn--dckjourstockholm-vnb.se\/index.php?rest_route=\/wp\/v2\/pages\/44\/revisions\/162"}],"wp:attachment":[{"href":"https:\/\/xn--dckjourstockholm-vnb.se\/index.php?rest_route=%2Fwp%2Fv2%2Fmedia&parent=44"}],"curies":[{"name":"wp","href":"https:\/\/api.w.org\/{rel}","templated":true}]}}