{"id":50,"date":"2018-03-22T18:47:41","date_gmt":"2018-03-22T18:47:41","guid":{"rendered":"http:\/\/xn--dckjourstockholm-vnb.se\/?page_id=50"},"modified":"2018-03-28T17:21:19","modified_gmt":"2018-03-28T17:21:19","slug":"kontakt","status":"publish","type":"page","link":"https:\/\/xn--dckjourstockholm-vnb.se\/?page_id=50","title":{"rendered":"Kontakt"},"content":{"rendered":"<h2><img loading=\"lazy\" decoding=\"async\" class=\"size-medium wp-image-48 alignright\" src=\"http:\/\/xn--dckjourstockholm-vnb.se\/wp-content\/uploads\/2018\/03\/bakgrund-300x225.png\" alt=\"\" width=\"300\" height=\"225\" srcset=\"https:\/\/xn--dckjourstockholm-vnb.se\/wp-content\/uploads\/2018\/03\/bakgrund-300x225.png 300w, https:\/\/xn--dckjourstockholm-vnb.se\/wp-content\/uploads\/2018\/03\/bakgrund.png 650w\" sizes=\"auto, (max-width: 300px) 100vw, 300px\" \/>Robin Bilservice &amp; D\u00e4ckjour<\/h2>\n<p>&nbsp;<\/p>\n<p>Ni n\u00e5r oss dygnet runt p\u00e5 08-500 311 51 eller\u00a0073-708 68 11 sms g\u00e5r ocks\u00e5 bra.<\/p>\n<p>&nbsp;<\/p>\n<p>E-post:<\/p>\n<p>info@d\u00e4ckjourstockholm.se<\/p>\n<p>&nbsp;<\/p>\n<p>Vi tar endast betalt via faktura eller kort.<\/p>\n<p>&nbsp;<\/p>\n<p>&nbsp;<\/p>\n","protected":false},"excerpt":{"rendered":"<p>Robin Bilservice &amp; D\u00e4ckjour &nbsp; Ni n\u00e5r oss dygnet runt p\u00e5 08-500 311 51 eller\u00a0073-708 68 11 sms g\u00e5r ocks\u00e5 bra. &nbsp; E-post: info@d\u00e4ckjourstockholm.se &nbsp; Vi tar endast betalt via faktura eller kort. &nbsp; &nbsp;<\/p>\n","protected":false},"author":1,"featured_media":0,"parent":0,"menu_order":0,"comment_status":"closed","ping_status":"closed","template":"","meta":{"footnotes":""},"class_list":["post-50","page","type-page","status-publish","hentry"],"_links":{"self":[{"href":"https:\/\/xn--dckjourstockholm-vnb.se\/index.php?rest_route=\/wp\/v2\/pages\/50","targetHints":{"allow":["GET"]}}],"collection":[{"href":"https:\/\/xn--dckjourstockholm-vnb.se\/index.php?rest_route=\/wp\/v2\/pages"}],"about":[{"href":"https:\/\/xn--dckjourstockholm-vnb.se\/index.php?rest_route=\/wp\/v2\/types\/page"}],"author":[{"embeddable":true,"href":"https:\/\/xn--dckjourstockholm-vnb.se\/index.php?rest_route=\/wp\/v2\/users\/1"}],"replies":[{"embeddable":true,"href":"https:\/\/xn--dckjourstockholm-vnb.se\/index.php?rest_route=%2Fwp%2Fv2%2Fcomments&post=50"}],"version-history":[{"count":11,"href":"https:\/\/xn--dckjourstockholm-vnb.se\/index.php?rest_route=\/wp\/v2\/pages\/50\/revisions"}],"predecessor-version":[{"id":120,"href":"https:\/\/xn--dckjourstockholm-vnb.se\/index.php?rest_route=\/wp\/v2\/pages\/50\/revisions\/120"}],"wp:attachment":[{"href":"https:\/\/xn--dckjourstockholm-vnb.se\/index.php?rest_route=%2Fwp%2Fv2%2Fmedia&parent=50"}],"curies":[{"name":"wp","href":"https:\/\/api.w.org\/{rel}","templated":true}]}}