{"id":61,"date":"2018-03-22T19:08:53","date_gmt":"2018-03-22T19:08:53","guid":{"rendered":"http:\/\/xn--dckjourstockholm-vnb.se\/?page_id=61"},"modified":"2024-10-16T13:53:40","modified_gmt":"2024-10-16T13:53:40","slug":"valkommen-till-dackjour-stockholm","status":"publish","type":"page","link":"https:\/\/xn--dckjourstockholm-vnb.se\/","title":{"rendered":"V\u00e4lkommen till D\u00e4ckjour Stockholm &#038; Robin bilservice"},"content":{"rendered":"\n<p style=\"font-size:41px\"><\/p>\n\n\n<h1 style=\"text-align: center; color: red;\"><strong>08-500 311 51<\/strong><\/h1>\n<p>Tack vare 23 \u00e5rs erfarenhet \u00e4r vi stolta att kunna hj\u00e4lpa er med allt fr\u00e5n d\u00e4ckbyte till bilreparationer.<\/p>\n\n\n<p><\/p>\n","protected":false},"excerpt":{"rendered":"<p>08-500 311 51 Tack vare 23 \u00e5rs erfarenhet \u00e4r vi stolta att kunna hj\u00e4lpa er med allt fr\u00e5n d\u00e4ckbyte till bilreparationer.<\/p>\n","protected":false},"author":1,"featured_media":0,"parent":0,"menu_order":0,"comment_status":"closed","ping_status":"closed","template":"","meta":{"footnotes":""},"class_list":["post-61","page","type-page","status-publish","hentry"],"_links":{"self":[{"href":"https:\/\/xn--dckjourstockholm-vnb.se\/index.php?rest_route=\/wp\/v2\/pages\/61","targetHints":{"allow":["GET"]}}],"collection":[{"href":"https:\/\/xn--dckjourstockholm-vnb.se\/index.php?rest_route=\/wp\/v2\/pages"}],"about":[{"href":"https:\/\/xn--dckjourstockholm-vnb.se\/index.php?rest_route=\/wp\/v2\/types\/page"}],"author":[{"embeddable":true,"href":"https:\/\/xn--dckjourstockholm-vnb.se\/index.php?rest_route=\/wp\/v2\/users\/1"}],"replies":[{"embeddable":true,"href":"https:\/\/xn--dckjourstockholm-vnb.se\/index.php?rest_route=%2Fwp%2Fv2%2Fcomments&post=61"}],"version-history":[{"count":10,"href":"https:\/\/xn--dckjourstockholm-vnb.se\/index.php?rest_route=\/wp\/v2\/pages\/61\/revisions"}],"predecessor-version":[{"id":157,"href":"https:\/\/xn--dckjourstockholm-vnb.se\/index.php?rest_route=\/wp\/v2\/pages\/61\/revisions\/157"}],"wp:attachment":[{"href":"https:\/\/xn--dckjourstockholm-vnb.se\/index.php?rest_route=%2Fwp%2Fv2%2Fmedia&parent=61"}],"curies":[{"name":"wp","href":"https:\/\/api.w.org\/{rel}","templated":true}]}}