{"id":92,"date":"2018-03-26T08:32:09","date_gmt":"2018-03-26T08:32:09","guid":{"rendered":"http:\/\/xn--dckjourstockholm-vnb.se\/?page_id=92"},"modified":"2018-03-26T09:29:48","modified_gmt":"2018-03-26T09:29:48","slug":"erbjudande","status":"publish","type":"page","link":"https:\/\/xn--dckjourstockholm-vnb.se\/?page_id=92","title":{"rendered":"<h1 style=\"color:red;\">Erbjudande<\/h1>"},"content":{"rendered":"<h1 style=\"color:red;font-size:150%\">Dags f\u00f6r service? Kamremsbyte? D\u00e5liga Bromsar?<\/h1>\n<p>Ingen fara, vi l\u00f6ser allt som har med din bil att g\u00f6ra! Inget jobb \u00e4r f\u00f6r litet eller f\u00f6r stort F\u00f6r oss.<\/p>\n<p>Bilservice\u00a0 bas 1100kr g\u00e4ller alla personbilar<\/p>\n<p>Dock ej sport bilar.ord pris 1.800 kr<\/p>\n<p>F\u00f6ljande ing\u00e5r i grundservicen:<\/p>\n<p>Byte av olja och oljefilter-fordonskontroll-Inspektion av bromsar och v\u00e4tska-p\u00e5fyllning och Kontroll spolarv\u00e4tska\u00a0 och kylarv\u00e4tska- Inspektion av servostyrningens olja-test av Bilbatteriet-Diagnos-kontroll av eventuella Felkoder(elektriska fel) du kan ut\u00f6ka servicen Utifr\u00e5n vad just din bil beh\u00f6ver.<\/p>\n<p>&nbsp;<\/p>\n<p>&nbsp;<\/p>\n","protected":false},"excerpt":{"rendered":"<p>Dags f\u00f6r service? Kamremsbyte? D\u00e5liga Bromsar? Ingen fara, vi l\u00f6ser allt som har med din bil att g\u00f6ra! Inget jobb \u00e4r f\u00f6r litet eller f\u00f6r stort F\u00f6r oss. Bilservice\u00a0 bas 1100kr g\u00e4ller alla personbilar Dock ej sport bilar.ord pris 1.800 kr F\u00f6ljande ing\u00e5r i grundservicen: Byte av olja och oljefilter-fordonskontroll-Inspektion av bromsar och v\u00e4tska-p\u00e5fyllning och &hellip; <a href=\"https:\/\/xn--dckjourstockholm-vnb.se\/?page_id=92\" class=\"more-link\">Forts\u00e4tt l\u00e4sa <span class=\"screen-reader-text\"><\/p>\n<h1 style=\"color:red;\">Erbjudande<\/h1>\n<p><\/span><\/a><\/p>\n","protected":false},"author":1,"featured_media":0,"parent":0,"menu_order":0,"comment_status":"closed","ping_status":"closed","template":"","meta":{"footnotes":""},"class_list":["post-92","page","type-page","status-publish","hentry"],"_links":{"self":[{"href":"https:\/\/xn--dckjourstockholm-vnb.se\/index.php?rest_route=\/wp\/v2\/pages\/92","targetHints":{"allow":["GET"]}}],"collection":[{"href":"https:\/\/xn--dckjourstockholm-vnb.se\/index.php?rest_route=\/wp\/v2\/pages"}],"about":[{"href":"https:\/\/xn--dckjourstockholm-vnb.se\/index.php?rest_route=\/wp\/v2\/types\/page"}],"author":[{"embeddable":true,"href":"https:\/\/xn--dckjourstockholm-vnb.se\/index.php?rest_route=\/wp\/v2\/users\/1"}],"replies":[{"embeddable":true,"href":"https:\/\/xn--dckjourstockholm-vnb.se\/index.php?rest_route=%2Fwp%2Fv2%2Fcomments&post=92"}],"version-history":[{"count":7,"href":"https:\/\/xn--dckjourstockholm-vnb.se\/index.php?rest_route=\/wp\/v2\/pages\/92\/revisions"}],"predecessor-version":[{"id":110,"href":"https:\/\/xn--dckjourstockholm-vnb.se\/index.php?rest_route=\/wp\/v2\/pages\/92\/revisions\/110"}],"wp:attachment":[{"href":"https:\/\/xn--dckjourstockholm-vnb.se\/index.php?rest_route=%2Fwp%2Fv2%2Fmedia&parent=92"}],"curies":[{"name":"wp","href":"https:\/\/api.w.org\/{rel}","templated":true}]}}